{"id":648,"date":"2014-07-31T10:29:56","date_gmt":"2014-07-31T08:29:56","guid":{"rendered":"http:\/\/ludetis.de\/?page_id=648"},"modified":"2022-08-09T08:41:17","modified_gmt":"2022-08-09T07:41:17","slug":"railroad-manager","status":"publish","type":"page","link":"https:\/\/wp.ludetis-spiele.de\/en\/projekte\/railroad-manager\/","title":{"rendered":"Railroad Manager"},"content":{"rendered":"<div class=\"wp-block-image\">\r\n<figure class=\"aligncenter size-large\"><a href=\"https:\/\/play.google.com\/store\/apps\/details?id=de.ludetis.android.railroadmanager\" target=\"_blank\" rel=\"noopener noreferrer\"><img loading=\"lazy\" decoding=\"async\" width=\"153\" height=\"46\" class=\"wp-image-1008\" src=\"http:\/\/wp.ludetis-spiele.de\/wp-content\/uploads\/2020\/05\/unnamed.png\" alt=\"\" srcset=\"https:\/\/wp.ludetis-spiele.de\/wp-content\/uploads\/2020\/05\/unnamed.png 153w, https:\/\/wp.ludetis-spiele.de\/wp-content\/uploads\/2020\/05\/unnamed-150x46.png 150w, https:\/\/wp.ludetis-spiele.de\/wp-content\/uploads\/2020\/05\/unnamed-18x5.png 18w\" sizes=\"auto, (max-width: 153px) 100vw, 153px\" \/><\/a><\/figure>\r\n<\/div>\r\n\r\n<p><!--:de--><img loading=\"lazy\" decoding=\"async\" class=\"alignright size-medium wp-image-849\" src=\"http:\/\/wp.ludetis-spiele.de\/wp-content\/uploads\/2017\/08\/Icon-LRM-2.0-300x300.png\" alt=\"Icon LRM 2.0\" width=\"300\" height=\"300\" srcset=\"https:\/\/wp.ludetis-spiele.de\/wp-content\/uploads\/2017\/08\/Icon-LRM-2.0-300x300.png 300w, https:\/\/wp.ludetis-spiele.de\/wp-content\/uploads\/2017\/08\/Icon-LRM-2.0-150x150.png 150w, https:\/\/wp.ludetis-spiele.de\/wp-content\/uploads\/2017\/08\/Icon-LRM-2.0-12x12.png 12w, https:\/\/wp.ludetis-spiele.de\/wp-content\/uploads\/2017\/08\/Icon-LRM-2.0-80x80.png 80w, https:\/\/wp.ludetis-spiele.de\/wp-content\/uploads\/2017\/08\/Icon-LRM-2.0.png 512w\" sizes=\"auto, (max-width: 300px) 100vw, 300px\" \/><\/p>\r\n<p>Baue Strecken, fahre Z\u00fcge, transportiere Passagiere und G\u00fcter, erforsche Technologien &#8211; und werde reich! Der Ludetis <strong>Railroad Manager<\/strong> macht dich zum Boss einer Eisenbahn-Gesellschaft und dein Handy oder Tablet zu einem Land, das mit Schienen gepflastert werden will. F\u00fcr alle Fans des legend\u00e4ren Railroad Tycoon!<\/p>\r\n<p>Intuitives Gameplay, mehrere originalgetreue Landkarten aus verschiedenen L\u00e4ndern, diverse Missionen und vorbildgetreue Fahrzeuge. Steige in den Bestenlisten auf und schalte Errungenschaften frei (mit Google Play Game Services). Weitere Spielinhalte k\u00f6nnen mit Diamanten freigeschaltet werden. Diamanten gibt es f\u00fcr Stufenaufstieg im Spiel, f\u00fcr das Gewinnen von Specials und im Ingame-Shop. Aber auch ohne K\u00e4ufe ist stundenlanges Spielen m\u00f6glich! Da man mit Diamanten Fahrzeuge kauft (und beh\u00e4lt), hat jede Missionen einen hohen Wiederspielwert, da man mit mehr Fahrzeugen h\u00f6here Punktzahlen erreicht. Das Spiel ist nat\u00fcrlich kostenlos und werbefrei!<\/p>\r\n<p><a href=\"https:\/\/railroad-manager.com\">Offizielle Homepage<\/a><\/p>\r\n<p><img loading=\"lazy\" decoding=\"async\" src=\"http:\/\/wp.ludetis-spiele.de\/wp-content\/uploads\/2014\/10\/mainbg5-mit-logo.jpg\" alt=\"\" width=\"610\" height=\"343\" \/><\/p>\r\n<p><img loading=\"lazy\" decoding=\"async\" src=\"http:\/\/wp.ludetis-spiele.de\/wp-content\/uploads\/2014\/10\/mainbg3-mit-logo1.jpg\" alt=\"\" width=\"610\" height=\"343\" \/><\/p>\r\n<p><a href=\"http:\/\/wp.ludetis-spiele.de\/wp-content\/uploads\/2015\/03\/runde-kurven1.jpg\"><img loading=\"lazy\" decoding=\"async\" class=\"alignleft size-full wp-image-752\" src=\"http:\/\/wp.ludetis-spiele.de\/wp-content\/uploads\/2015\/03\/runde-kurven1.jpg\" alt=\"runde kurven\" width=\"640\" height=\"384\" srcset=\"https:\/\/wp.ludetis-spiele.de\/wp-content\/uploads\/2015\/03\/runde-kurven1.jpg 640w, https:\/\/wp.ludetis-spiele.de\/wp-content\/uploads\/2015\/03\/runde-kurven1-300x180.jpg 300w, https:\/\/wp.ludetis-spiele.de\/wp-content\/uploads\/2015\/03\/runde-kurven1-18x12.jpg 18w\" sizes=\"auto, (max-width: 640px) 100vw, 640px\" \/><\/a><!--:--><!--:en--><br \/><!--:--><\/p>\r\n\r\n<p>&nbsp;<\/p>","protected":false},"excerpt":{"rendered":"<p><!--:de-->Baue Strecken, fahre Z\u00fcge, transportiere Passagiere und G\u00fcter! Werde ein Railroad Tycoon auf Android smartphones und tablets!<!--:--><!--:en-->Tracks! Trains! Technology! Finally a fine Railroad Tycoon like game on Android<!--:--><\/p>","protected":false},"author":1,"featured_media":0,"parent":259,"menu_order":2,"comment_status":"closed","ping_status":"open","template":"","meta":{"footnotes":"","_links_to":"","_links_to_target":""},"class_list":["post-648","page","type-page","status-publish","hentry"],"_links":{"self":[{"href":"https:\/\/wp.ludetis-spiele.de\/en\/wp-json\/wp\/v2\/pages\/648","targetHints":{"allow":["GET"]}}],"collection":[{"href":"https:\/\/wp.ludetis-spiele.de\/en\/wp-json\/wp\/v2\/pages"}],"about":[{"href":"https:\/\/wp.ludetis-spiele.de\/en\/wp-json\/wp\/v2\/types\/page"}],"author":[{"embeddable":true,"href":"https:\/\/wp.ludetis-spiele.de\/en\/wp-json\/wp\/v2\/users\/1"}],"replies":[{"embeddable":true,"href":"https:\/\/wp.ludetis-spiele.de\/en\/wp-json\/wp\/v2\/comments?post=648"}],"version-history":[{"count":1,"href":"https:\/\/wp.ludetis-spiele.de\/en\/wp-json\/wp\/v2\/pages\/648\/revisions"}],"predecessor-version":[{"id":1113,"href":"https:\/\/wp.ludetis-spiele.de\/en\/wp-json\/wp\/v2\/pages\/648\/revisions\/1113"}],"up":[{"embeddable":true,"href":"https:\/\/wp.ludetis-spiele.de\/en\/wp-json\/wp\/v2\/pages\/259"}],"wp:attachment":[{"href":"https:\/\/wp.ludetis-spiele.de\/en\/wp-json\/wp\/v2\/media?parent=648"}],"curies":[{"name":"wp","href":"https:\/\/api.w.org\/{rel}","templated":true}]}}