{"id":265,"date":"2011-10-31T13:49:27","date_gmt":"2011-10-31T11:49:27","guid":{"rendered":"http:\/\/ludetis.lomania.de\/?page_id=22"},"modified":"2011-10-31T13:49:27","modified_gmt":"2011-10-31T11:49:27","slug":"symmetry","status":"publish","type":"page","link":"https:\/\/wp.ludetis-spiele.de\/en\/projekte\/symmetry\/","title":{"rendered":"Secret of the Mirror Mage"},"content":{"rendered":"<div class=\"wp-block-image\"><figure class=\"aligncenter size-large\"><a href=\"https:\/\/play.google.com\/store\/apps\/details?id=de.ludetis.android.symmetry.startactivity\" target=\"_blank\" rel=\"noopener noreferrer\"><img loading=\"lazy\" decoding=\"async\" width=\"153\" height=\"46\" src=\"http:\/\/wp.ludetis-spiele.de\/wp-content\/uploads\/2020\/05\/unnamed.png\" alt=\"\" class=\"wp-image-1008\" srcset=\"https:\/\/wp.ludetis-spiele.de\/wp-content\/uploads\/2020\/05\/unnamed.png 153w, https:\/\/wp.ludetis-spiele.de\/wp-content\/uploads\/2020\/05\/unnamed-150x46.png 150w, https:\/\/wp.ludetis-spiele.de\/wp-content\/uploads\/2020\/05\/unnamed-18x5.png 18w\" sizes=\"auto, (max-width: 153px) 100vw, 153px\" \/><\/a><\/figure><\/div>\n\n\n<p><!--:de--><img loading=\"lazy\" decoding=\"async\" class=\"aligncenter size-full wp-image-138\" title=\"Symmetry - Logo\" src=\"http:\/\/wp.ludetis-spiele.de\/wp-content\/uploads\/2011\/12\/icon_512_512-e1325434084428.png\" alt=\"\" width=\"300\" height=\"300\"><\/p>\n<p><strong>Secret of the Mirror Mage<\/strong> &#8211; das Erstlingswerk von Ludetis, fr\u00fcher benannt &#8222;Symmetry&#8220; &#8211; besticht durch sein einfaches Spielprinzip mit zunehmenden Schwierigkeitsgrad und ist ein schnelles Spiel f\u00fcr zwischendurch. Logisches Denken, Muster- und Symmetrieerkennung sowie Schnelligkeit werden gefordert und gef\u00f6rdert. Erg\u00e4nzt wird das Spiel durch faszinierende fraktale Kunstwerke, die als Hintergrundbilder dienen.<\/p>\n<p>Die Frage ist: Welches Symbol st\u00f6rt die Symmetrie? Achte auf Farben, Formen und Positionen &#8211; findest Du den Symmetriebrecher?<\/p>\n<h4>Screenshots<\/h4>\n<p><img loading=\"lazy\" decoding=\"async\" class=\"aligncenter size-full wp-image-139\" title=\"Symmetry - Levelbeispiele\" src=\"http:\/\/wp.ludetis-spiele.de\/wp-content\/uploads\/2011\/12\/symmetry-Levelbeispiele-e1325342912456.png\" alt=\"\" width=\"615\" height=\"545\"><!--:--><!--:en--><\/p>","protected":false},"excerpt":{"rendered":"<p><!--:en-->What disturbs the symmetry? Pay attention to colors, shapes and positions &#8211; you can find the symmetry breaker?<!--:--><!--:de-->Welches Symbol st\u00f6rt die Symmetrie? Achte auf Farben, Formen und Positionen &#8211; findest Du den Symmetriebrecher?<!--:--><\/p>","protected":false},"author":1,"featured_media":0,"parent":259,"menu_order":6,"comment_status":"closed","ping_status":"closed","template":"","meta":{"footnotes":"","_links_to":"","_links_to_target":""},"class_list":["post-265","page","type-page","status-publish","hentry"],"_links":{"self":[{"href":"https:\/\/wp.ludetis-spiele.de\/en\/wp-json\/wp\/v2\/pages\/265","targetHints":{"allow":["GET"]}}],"collection":[{"href":"https:\/\/wp.ludetis-spiele.de\/en\/wp-json\/wp\/v2\/pages"}],"about":[{"href":"https:\/\/wp.ludetis-spiele.de\/en\/wp-json\/wp\/v2\/types\/page"}],"author":[{"embeddable":true,"href":"https:\/\/wp.ludetis-spiele.de\/en\/wp-json\/wp\/v2\/users\/1"}],"replies":[{"embeddable":true,"href":"https:\/\/wp.ludetis-spiele.de\/en\/wp-json\/wp\/v2\/comments?post=265"}],"version-history":[{"count":0,"href":"https:\/\/wp.ludetis-spiele.de\/en\/wp-json\/wp\/v2\/pages\/265\/revisions"}],"up":[{"embeddable":true,"href":"https:\/\/wp.ludetis-spiele.de\/en\/wp-json\/wp\/v2\/pages\/259"}],"wp:attachment":[{"href":"https:\/\/wp.ludetis-spiele.de\/en\/wp-json\/wp\/v2\/media?parent=265"}],"curies":[{"name":"wp","href":"https:\/\/api.w.org\/{rel}","templated":true}]}}