{"id":260,"date":"2011-10-28T14:03:11","date_gmt":"2011-10-28T12:03:11","guid":{"rendered":"http:\/\/ludetis.lomania.de\/?page_id=8"},"modified":"2011-10-28T14:03:11","modified_gmt":"2011-10-28T12:03:11","slug":"firma","status":"publish","type":"page","link":"https:\/\/wp.ludetis-spiele.de\/en\/unternehmen\/firma\/","title":{"rendered":"\u00dcber uns"},"content":{"rendered":"<p><!--:de--><strong>Ludetis<\/strong> wurde im Februar 2010 von drei Freunden mit dem Ziel gegr\u00fcndet, ungew\u00f6hnliche Smartphonespiele zu entwickeln.<\/p>\n<p>Direkt mit dem ersten gro\u00dfen Spiel <a href=\"http:\/\/ludetis.de\/projekte\/kick-it-out\/\" target=\"_blank\" rel=\"noopener noreferrer\">&#8222;Kick it out!&#8220;<\/a>, dem Multiplayer Online Fu\u00dfball Manager f\u00fcr Smartphones (Android, iOS und WinPhone) der seit dem 27. Mai 2010 verf\u00fcgbar ist, gelang ein gro\u00dfer Wurf und der Erfolg h\u00e4lt bis heute an.<\/p>\n<p>Ebenfalls erfolgreich ist der <a title=\"Railroad Manager\" href=\"http:\/\/ludetis.de\/projekte\/railroad-manager\/\" target=\"_blank\" rel=\"noopener noreferrer\">&#8222;Railroad Manager&#8220;<\/a>, der als kostenloses Eisenbahn-Aufbauspiel ein erfrischend anderes Prinzip verfolgt als vergleichbare Apps.<\/p>\n<p>Das Erstlingswerk <a href=\"https:\/\/ludetis.de\/projekte\/symmetry\/\" target=\"_blank\" rel=\"noopener noreferrer\">&#8222;Secret of the Mirror Mage&#8220;<\/a> fr\u00fcher unter \u201cSymmetry\u201d bekannt \u2013 fordert und f\u00f6rdert das logische Denken, Muster- und Symmetrieerkennung sowie Schnelligkeit.<\/p>\n<p>Ab dem 24. Mai 2020 ist <a href=\"https:\/\/ludetis.de\/projekte\/kick-n-goal\/\" target=\"_blank\" rel=\"noopener noreferrer\">&#8222;Kick n goal&#8220;<\/a>, der Einzelspieler-Fu\u00dfballmanager, der auf unseren Erfahrungen mit Kick it out! beruht bei Google Play zu finden. Der Manager ist schnell zu spielen und der Clou ist, dass es neben dem Karrieremodus zahlreiche Szenarien mit speziellen Herausforderungen geben wird.<\/p>\n<p>Im Juni 2020 ver\u00f6ffentlichen wir zudem noch <a href=\"https:\/\/ludetis.de\/projekte\/cool-machines\/\" target=\"_blank\" rel=\"noopener noreferrer\">&#8222;Cool Machines&#8220;<\/a>, <span class=\"tlid-translation translation\" lang=\"de\"><span class=\"\" title=\"\">unser lustiges Physikspiel f\u00fcr alle.<\/span> Es sind k<span class=\"\" title=\"\">eine Regeln erforderlich &#8211; die einzige Regel ist die Schwerkraft.<\/span><\/span><\/p>\n<p>Von den weiteren Produktionen bestachen vor allem &#8222;Medicus&#8220; aufgrund seines ungew\u00f6hnlichen Spielprinzips, war aber seiner Zeit voraus ebenso wie &#8222;TriGalaxy&#8220;, ein Multiplayer Weltraumhandelsspiel mit spannender Hintergrundgeschichte.<\/p>\n<p>Presseinformationen sind auf den jeweiligen Spieleseiten zu finden.<\/p>\n<p>Kontakt: <a href=\"mailto:jochem.koch@ludetis.de\">jochem.koch[at]ludetis.de<\/a><\/p>\n<h2 style=\"text-align: center\">Ludetis &#8211; die etwas andere Spieleschmiede.<\/h2>\n<p><!--:--><!--:en--><\/p>\n<p><!--:--><\/p>","protected":false},"excerpt":{"rendered":"<p>Ludetis wurde im Februar 2010 von drei Freunden mit dem Ziel gegr\u00fcndet, ungew\u00f6hnliche Smartphonespiele zu entwickeln. Direkt mit dem ersten gro\u00dfen Spiel &#8222;Kick it out!&#8220;, dem Multiplayer Online Fu\u00dfball Manager f\u00fcr Smartphones (Android, iOS und WinPhone) der seit dem 27. Mai 2010 verf\u00fcgbar ist, gelang ein gro\u00dfer Wurf und der Erfolg h\u00e4lt bis heute an. Ebenfalls erfolgreich ist der &#8222;Railroad<\/p>","protected":false},"author":1,"featured_media":0,"parent":748,"menu_order":4,"comment_status":"closed","ping_status":"closed","template":"","meta":{"footnotes":"","_links_to":"","_links_to_target":""},"class_list":["post-260","page","type-page","status-publish","hentry"],"_links":{"self":[{"href":"https:\/\/wp.ludetis-spiele.de\/en\/wp-json\/wp\/v2\/pages\/260","targetHints":{"allow":["GET"]}}],"collection":[{"href":"https:\/\/wp.ludetis-spiele.de\/en\/wp-json\/wp\/v2\/pages"}],"about":[{"href":"https:\/\/wp.ludetis-spiele.de\/en\/wp-json\/wp\/v2\/types\/page"}],"author":[{"embeddable":true,"href":"https:\/\/wp.ludetis-spiele.de\/en\/wp-json\/wp\/v2\/users\/1"}],"replies":[{"embeddable":true,"href":"https:\/\/wp.ludetis-spiele.de\/en\/wp-json\/wp\/v2\/comments?post=260"}],"version-history":[{"count":0,"href":"https:\/\/wp.ludetis-spiele.de\/en\/wp-json\/wp\/v2\/pages\/260\/revisions"}],"up":[{"embeddable":true,"href":"https:\/\/wp.ludetis-spiele.de\/en\/wp-json\/wp\/v2\/pages\/748"}],"wp:attachment":[{"href":"https:\/\/wp.ludetis-spiele.de\/en\/wp-json\/wp\/v2\/media?parent=260"}],"curies":[{"name":"wp","href":"https:\/\/api.w.org\/{rel}","templated":true}]}}