{"id":1077,"date":"2022-02-25T14:46:16","date_gmt":"2022-02-25T12:46:16","guid":{"rendered":"https:\/\/ludetis.de\/?page_id=1077"},"modified":"2022-02-25T14:46:16","modified_gmt":"2022-02-25T12:46:16","slug":"secret-galaxy","status":"publish","type":"page","link":"https:\/\/wp.ludetis-spiele.de\/en\/projekte\/secret-galaxy\/","title":{"rendered":"Secret Galaxy"},"content":{"rendered":"<p>Neu 2022: Das Sci-Fi-Strategiespiel &#8222;Secret Galaxy&#8220;.<\/p>\n\n\n\n<figure class=\"wp-block-image size-large\"><img loading=\"lazy\" decoding=\"async\" width=\"1024\" height=\"500\" src=\"http:\/\/wp.ludetis-spiele.de\/wp-content\/uploads\/2022\/02\/Vorstellungsgrafik-de.jpg\" alt=\"\" class=\"wp-image-1078\" srcset=\"https:\/\/wp.ludetis-spiele.de\/wp-content\/uploads\/2022\/02\/Vorstellungsgrafik-de.jpg 1024w, https:\/\/wp.ludetis-spiele.de\/wp-content\/uploads\/2022\/02\/Vorstellungsgrafik-de-300x146.jpg 300w, https:\/\/wp.ludetis-spiele.de\/wp-content\/uploads\/2022\/02\/Vorstellungsgrafik-de-768x375.jpg 768w, https:\/\/wp.ludetis-spiele.de\/wp-content\/uploads\/2022\/02\/Vorstellungsgrafik-de-18x9.jpg 18w\" sizes=\"auto, (max-width: 1024px) 100vw, 1024px\" \/><\/figure>\n\n\n\n<p>In SECRET GALAXY kannst du einsamer K\u00e4mpfer, H\u00e4ndlerin, Erz-Prospektor oder Taxifahrerin sein &#8211; jedes Szenario bietet ein anderes Echtzeit-Spielerlebnis auf unterschiedlichen, teils zufallsgenerierten Hexfeld-Karten:<\/p>\n\n\n\n<p>&#8222;Die Krorp kommen&#8220;: Besch\u00fctze ein friedliches Sternsystem vor den insektoiden Invasoren. Dein Kampf scheint aussichtslos, der \u00f6rtliche Starforce-Posten ist wenig hilfreich &#8211; aber vielleicht gibt es doch noch EINE Chance \u2026 KOSTENLOS IM GRUNDSPIEL!<\/p>\n\n\n\n<p>&#8222;H\u00e4ndler&#8220;: Transportiere Waren zwischen Planeten, finde die lukrativsten Handelsrouten und investiere in die Erh\u00f6hung der Kapazit\u00e4t deines Raumschiffs. Verschiedene Strategien f\u00fchren in diesem 10-Minuten-Szenario zu ganz unterschiedlichen Punktzahlen. Wie viel erreichst du? KOSTENLOS IM GRUNDSPIEL!<\/p>\n\n\n\n<p>&#8222;Tutorial&#8220;: Im kurzen Tutorial erkl\u00e4rt dir ein knuddeliger, vorlauter Roboter die Funktionen des Spiels.<\/p>\n\n\n\n<p>&#8222;Space Taxi&#8220;: Transportiere Reisende zwischen verschiedenen Planeten, Raumstationen und einem Golf-Asteroiden. Aber vorsicht: Manche Reisende verschmutzen dein Taxi, dann musst du in die Raumschiff-Waschanlage \u2026 dieses 10-Minuten-Szenario ist als preisg\u00fcnstiger DLC erh\u00e4ltlich.<\/p>\n\n\n\n<p>&#8222;Eraris Asteroiden&#8220;: Baue auf Asteroiden Erze ab und verkaufe sie, bis du dir einen Bergwerk-Baukasten aus Nanobots leisten kannst, um noch mehr Geld zu verdienen. Leider gibt es in diesem 20-Minuten-Szenario auch nervige Piraten, die es auf deine Bergwerke abgesehen haben \u2026 Als preisg\u00fcnstiger DLC erh\u00e4ltlich.<\/p>\n\n\n\n<p>Weitere spannende Szenarios sind in Arbeit!<\/p>\n\n\n\n<p>In manchen Szenarios kannst du geheimnisvolle Artefakte der &#8222;Ancestors&#8220; sammeln, die Vorteile beim n\u00e4chsten Spielen freischalten.<\/p>\n\n\n\n<p>Highscores werden gespeichert.<\/p>\n\n\n\n<p>Das Spiel eignet sich besonders f\u00fcr Tablets und Smartphones mit gr\u00f6\u00dferen Bildschirmen.<\/p>\n\n\n\n<p>Das Grundspiel ist KOSTENLOS und WERBEFREI. Wenn es euch gef\u00e4llt, unterst\u00fctzt die Weiterentwicklung, indem ihr das DLC-Paket kauft. Secret Galaxy ist ein Independent-Game aus Deutschland! Cooler Soundtrack!<\/p>\n\n\n\n<p>EARLY ACCESS &#8211; Wir freuen uns auf Feedback zu der vorliegenden Version, die wir nach und nach verbessern werden.<\/p>","protected":false},"excerpt":{"rendered":"<p>Neu 2022: Das Sci-Fi-Strategiespiel &#8222;Secret Galaxy&#8220;. In SECRET GALAXY kannst du einsamer K\u00e4mpfer, H\u00e4ndlerin, Erz-Prospektor oder Taxifahrerin sein &#8211; jedes Szenario bietet ein anderes Echtzeit-Spielerlebnis auf unterschiedlichen, teils zufallsgenerierten Hexfeld-Karten: &#8222;Die Krorp kommen&#8220;: Besch\u00fctze ein friedliches Sternsystem vor den insektoiden Invasoren. Dein Kampf scheint aussichtslos, der \u00f6rtliche Starforce-Posten ist wenig hilfreich &#8211; aber vielleicht gibt es doch noch EINE Chance<\/p>","protected":false},"author":1,"featured_media":0,"parent":259,"menu_order":0,"comment_status":"closed","ping_status":"closed","template":"","meta":{"footnotes":"","_links_to":"","_links_to_target":""},"class_list":["post-1077","page","type-page","status-publish","hentry"],"_links":{"self":[{"href":"https:\/\/wp.ludetis-spiele.de\/en\/wp-json\/wp\/v2\/pages\/1077","targetHints":{"allow":["GET"]}}],"collection":[{"href":"https:\/\/wp.ludetis-spiele.de\/en\/wp-json\/wp\/v2\/pages"}],"about":[{"href":"https:\/\/wp.ludetis-spiele.de\/en\/wp-json\/wp\/v2\/types\/page"}],"author":[{"embeddable":true,"href":"https:\/\/wp.ludetis-spiele.de\/en\/wp-json\/wp\/v2\/users\/1"}],"replies":[{"embeddable":true,"href":"https:\/\/wp.ludetis-spiele.de\/en\/wp-json\/wp\/v2\/comments?post=1077"}],"version-history":[{"count":0,"href":"https:\/\/wp.ludetis-spiele.de\/en\/wp-json\/wp\/v2\/pages\/1077\/revisions"}],"up":[{"embeddable":true,"href":"https:\/\/wp.ludetis-spiele.de\/en\/wp-json\/wp\/v2\/pages\/259"}],"wp:attachment":[{"href":"https:\/\/wp.ludetis-spiele.de\/en\/wp-json\/wp\/v2\/media?parent=1077"}],"curies":[{"name":"wp","href":"https:\/\/api.w.org\/{rel}","templated":true}]}}